{"id":14,"date":"2016-12-29T17:52:17","date_gmt":"2016-12-29T16:52:17","guid":{"rendered":"http:\/\/jdkrynen.com\/?page_id=14"},"modified":"2017-01-05T14:22:10","modified_gmt":"2017-01-05T13:22:10","slug":"contact-jean-dominique-krynen_commandes","status":"publish","type":"page","link":"https:\/\/jdkrynen.com\/index.php\/contact-jean-dominique-krynen_commandes\/","title":{"rendered":"Contact \/ Commandes"},"content":{"rendered":"<p>Toutes les partitions peuvent \u00eatre exp\u00e9di\u00e9es sur simple demande par e-mail \u00e0 l&#8217;adresse <i><a href=\"mailto:jdkrynen@orange.fr\">jdkrynen@orange.fr<\/a><\/i>.<\/p>\n<p>En r\u00e9ponse, une facture accompagn\u00e9e d&#8217;un relev\u00e9 d&#8217;identit\u00e9 bancaire \u00e9tablira le co\u00fbt de fabrication et d&#8217;exp\u00e9dition.<\/p>\n<p>Sit\u00f4t le paiement cr\u00e9dit\u00e9 par ch\u00e8que ou virement bancaire, les partitions seront adress\u00e9es en retour.<\/p>\n<p>&nbsp;<\/p>\n","protected":false},"excerpt":{"rendered":"<p>Toutes les partitions peuvent \u00eatre exp\u00e9di\u00e9es sur simple demande par e-mail \u00e0 l&#8217;adresse jdkrynen@orange.fr. En r\u00e9ponse, une facture accompagn\u00e9e d&#8217;un relev\u00e9 d&#8217;identit\u00e9 bancaire \u00e9tablira le co\u00fbt de fabrication et d&#8217;exp\u00e9dition. Sit\u00f4t le paiement cr\u00e9dit\u00e9 par ch\u00e8que ou virement bancaire, les<\/p>\n","protected":false},"author":1,"featured_media":0,"parent":0,"menu_order":0,"comment_status":"closed","ping_status":"closed","template":"","meta":{"footnotes":""},"_links":{"self":[{"href":"https:\/\/jdkrynen.com\/index.php\/wp-json\/wp\/v2\/pages\/14"}],"collection":[{"href":"https:\/\/jdkrynen.com\/index.php\/wp-json\/wp\/v2\/pages"}],"about":[{"href":"https:\/\/jdkrynen.com\/index.php\/wp-json\/wp\/v2\/types\/page"}],"author":[{"embeddable":true,"href":"https:\/\/jdkrynen.com\/index.php\/wp-json\/wp\/v2\/users\/1"}],"replies":[{"embeddable":true,"href":"https:\/\/jdkrynen.com\/index.php\/wp-json\/wp\/v2\/comments?post=14"}],"version-history":[{"count":6,"href":"https:\/\/jdkrynen.com\/index.php\/wp-json\/wp\/v2\/pages\/14\/revisions"}],"predecessor-version":[{"id":131,"href":"https:\/\/jdkrynen.com\/index.php\/wp-json\/wp\/v2\/pages\/14\/revisions\/131"}],"wp:attachment":[{"href":"https:\/\/jdkrynen.com\/index.php\/wp-json\/wp\/v2\/media?parent=14"}],"curies":[{"name":"wp","href":"https:\/\/api.w.org\/{rel}","templated":true}]}}