{"id":237,"date":"2017-01-06T13:32:10","date_gmt":"2017-01-06T12:32:10","guid":{"rendered":"http:\/\/jdkrynen.com\/?page_id=237"},"modified":"2017-01-06T13:32:48","modified_gmt":"2017-01-06T12:32:48","slug":"1984-odes-pour-l-asie-mineure","status":"publish","type":"page","link":"https:\/\/jdkrynen.com\/index.php\/catalogue-des-oeuvres-du-compositeur-jean-dominique-krynen\/1984-odes-pour-l-asie-mineure\/","title":{"rendered":"1984 \u2015 Odes pour l&#8217;Asie Mineure"},"content":{"rendered":"<h4>1984<br \/>\nODES POUR L\u2019ASIE MINEURE <span style=\"font-size: 0.8em; font-style: italic;\">11\u2019<br \/>\n(clarinette et harpe) \u2013 Ed. Billaudot<\/span><\/h4>\n<ol style=\"list-style-type: upper-roman; list-style-position: inside;\">\n<li class=\"less-margin\">Phaselis<\/li>\n<li class=\"less-margin\">Termessos<\/li>\n<\/ol>\n<h5>pr\u00e9sentation<\/h5>\n<p>Ce duo peu commun assemble pourtant les timbres imm\u00e9moriaux des cordes pinc\u00e9es et du chalumeau, que j&#8217;ai voulu lier \u00e0 ma d\u00e9couverte en 1983 de la c\u00f4te de l&#8217;antique Lycie et de la Pamphylie, avec les traces grandioses laiss\u00e9es par les civilisations hell\u00e9nistique et romaine que sont Perg\u00e9, Sid\u00e9, Aspendos, Phaselis et Termessos. La s\u00e9rie de pi\u00e8ces \u00e9ponymes reste donc \u00e0 compl\u00e9ter, sans compter l&#8217;Ionie, la Lydie et d&#8217;autres contr\u00e9es de ce continent qu&#8217;est l&#8217;Asie Mineure, v\u00e9ritable Am\u00e9rique de l&#8217;Antiquit\u00e9.<\/p>\n<p>La harpiste Catherine de Preissac, directrice de la collection de l&#8217;\u00e9diteur Billaudot d\u00e9di\u00e9e au duo clarinette et harpe, fut la commanditaire de ces deux pi\u00e8ces, la deuxi\u00e8me \u00e9tant d\u00e9di\u00e9e \u00e0 la m\u00e9moire de mon fr\u00e8re Denys, d\u00e9c\u00e9d\u00e9 en 1985.<\/p>\n","protected":false},"excerpt":{"rendered":"<p>1984 ODES POUR L\u2019ASIE MINEURE 11\u2019 (clarinette et harpe) \u2013 Ed. Billaudot Phaselis Termessos pr\u00e9sentation Ce duo peu commun assemble pourtant les timbres imm\u00e9moriaux des cordes pinc\u00e9es et du chalumeau, que j&#8217;ai voulu lier \u00e0 ma d\u00e9couverte en 1983 de<\/p>\n","protected":false},"author":1,"featured_media":0,"parent":5,"menu_order":0,"comment_status":"closed","ping_status":"closed","template":"","meta":{"footnotes":""},"_links":{"self":[{"href":"https:\/\/jdkrynen.com\/index.php\/wp-json\/wp\/v2\/pages\/237"}],"collection":[{"href":"https:\/\/jdkrynen.com\/index.php\/wp-json\/wp\/v2\/pages"}],"about":[{"href":"https:\/\/jdkrynen.com\/index.php\/wp-json\/wp\/v2\/types\/page"}],"author":[{"embeddable":true,"href":"https:\/\/jdkrynen.com\/index.php\/wp-json\/wp\/v2\/users\/1"}],"replies":[{"embeddable":true,"href":"https:\/\/jdkrynen.com\/index.php\/wp-json\/wp\/v2\/comments?post=237"}],"version-history":[{"count":4,"href":"https:\/\/jdkrynen.com\/index.php\/wp-json\/wp\/v2\/pages\/237\/revisions"}],"predecessor-version":[{"id":598,"href":"https:\/\/jdkrynen.com\/index.php\/wp-json\/wp\/v2\/pages\/237\/revisions\/598"}],"up":[{"embeddable":true,"href":"https:\/\/jdkrynen.com\/index.php\/wp-json\/wp\/v2\/pages\/5"}],"wp:attachment":[{"href":"https:\/\/jdkrynen.com\/index.php\/wp-json\/wp\/v2\/media?parent=237"}],"curies":[{"name":"wp","href":"https:\/\/api.w.org\/{rel}","templated":true}]}}