{"id":281,"date":"2017-01-06T14:13:02","date_gmt":"2017-01-06T13:13:02","guid":{"rendered":"http:\/\/jdkrynen.com\/?page_id=281"},"modified":"2017-02-05T18:06:31","modified_gmt":"2017-02-05T17:06:31","slug":"1990-senso","status":"publish","type":"page","link":"https:\/\/jdkrynen.com\/index.php\/catalogue-des-oeuvres-du-compositeur-jean-dominique-krynen\/1990-senso\/","title":{"rendered":"1990 \u2015 Senso"},"content":{"rendered":"<h4>1990<br \/>\nSENSO, <span style=\"font-size: 0.8em; font-style: italic;\">valse 9\u2019<\/span><\/h4>\n<p><\/a><\/p>\n<ul style=\"list-style-type: disc; list-style-position: inside;\">\n<li class=\"less-margin\">1\u00e8re version pour violon, clarinette, contrebasse et piano <a href=\"http:\/\/jdkrynen.com\/wp-content\/uploads\/2017\/01\/Senso-quatuor-specimen.pdf\" target=\"_blank\"><img decoding=\"async\" src=\"http:\/\/jdkrynen.com\/wp-content\/uploads\/2017\/01\/Adobe-PDF-Document-icon.png\" alt=\"\" style=\"margin: 0;\" \/><\/a><\/li>\n<li class=\"less-margin\">2e version pour deux pianos 12 mains <a href=\"http:\/\/jdkrynen.com\/wp-content\/uploads\/2017\/01\/Senso-2-pianos-12-mains-specimen.pdf\" target=\"_blank\"><img decoding=\"async\" src=\"http:\/\/jdkrynen.com\/wp-content\/uploads\/2017\/01\/Adobe-PDF-Document-icon.png\" alt=\"\" style=\"margin: 0;\" \/><\/a><\/li>\n<li class=\"less-margin\">3e version pour piano solo (2014) <a href=\"http:\/\/jdkrynen.com\/wp-content\/uploads\/2017\/01\/Senso-piano-solo-specimen.pdf\" target=\"_blank\"><img decoding=\"async\" src=\"http:\/\/jdkrynen.com\/wp-content\/uploads\/2017\/01\/Adobe-PDF-Document-icon.png\" alt=\"\" style=\"margin: 0;\" \/><\/a><\/li>\n<\/ul>\n<h5>pr\u00e9sentation<\/h5>\n<p>La valse rec\u00e8le un secret imp\u00e9n\u00e9trable qui ne cessera jamais de fasciner l&#8217;auditeur : l&#8217;ambivalence entre l&#8217;euphorie primesauti\u00e8re, le tournoiement des corps heureux en pleine lumi\u00e8re, et la m\u00e9lancolie du souvenir, de la perte, de la solitude. Ainsi les diverses acceptions du mot <em>senso<\/em> en italien, qui vont du sentiment au ressenti par le biais des sens, jusqu&#8217;au haut-le-c\u0153ur.<\/p>\n<p>Comment revivre le moment o\u00f9, de l&#8217;effusion rev\u00e9cue d&#8217;un bal tout enfi\u00e9vr\u00e9 de cette danse, incarnation de la vogue, un jeune musicien polonais \u00e0 son clavier n&#8217;a retenu que l&#8217;ombre port\u00e9e de sa propre souffrance ? Quand et comment sommes-nous pass\u00e9s de Johann Strauss \u00e0 l&#8217;op.34 n\u00b02 de Chopin (<em>la<\/em> mineur) ?<\/p>\n<p>Sans doute cette triade a\u00e9rienne du rythme de la valse qui d\u00e9livre nos pieds de leur binarit\u00e9 laborieuse est-elle un attribut de la gr\u00e2ce ; sans doute est-elle celui par lequel nous invoquons anxieusement, parfois d\u00e9sesp\u00e9r\u00e9ment son retour. Notre \u00e9coute des grandes valses orchestrales de Tcha\u00efkovsky (5e et 6e Symphonies), de Ravel, de Rachmaninov (2e Danse symphonique) a d\u00e9sormais dilat\u00e9 cet univers mental entr&#8217;ouvert par Chopin, ins\u00e9parable de l&#8217;id\u00e9e romantique et de la <em>Mitteleuropa<\/em> o\u00f9 la valse est n\u00e9e.<\/p>\n<p>A un si\u00e8cle de la mort de ce dernier, et peu d&#8217;ann\u00e9es de celle de Ravel et Rachmaninov, c&#8217;est sans doute par le <em>Senso<\/em> (1954) de Luchino Visconti que le XXe si\u00e8cle a scell\u00e9, dans le genre in\u00e9dit du cin\u00e9ma, l&#8217;immortalit\u00e9 du romantisme \u00e0 l&#8217;image comme le XIXe le fit pour l&#8217;art sonore, d\u00e9multipliant pour l&#8217;imaginaire moderne les sources d&#8217;\u00e9vocation.<\/p>\n<p class=\"bc_player\"><iframe style=\"border: 0; width: 100%; height: 120px;\" src=\"https:\/\/bandcamp.com\/EmbeddedPlayer\/track=972622027\/size=large\/bgcol=ffffff\/linkcol=0687f5\/tracklist=false\/artwork=none\/transparent=true\/\" seamless><a href=\"http:\/\/jean-dominiquekrynencompositeur.bandcamp.com\/track\/senso-walzer-2-pianos-12-mains\">Senso, Walzer (2 pianos 12 mains) by Jean-Dominique Krynen, compositeur<\/a><\/iframe><\/p>\n","protected":false},"excerpt":{"rendered":"<p>1990 SENSO, valse 9\u2019 1\u00e8re version pour violon, clarinette, contrebasse et piano 2e version pour deux pianos 12 mains 3e version pour piano solo (2014) pr\u00e9sentation La valse rec\u00e8le un secret imp\u00e9n\u00e9trable qui ne cessera jamais de fasciner l&#8217;auditeur :<\/p>\n","protected":false},"author":1,"featured_media":0,"parent":5,"menu_order":0,"comment_status":"closed","ping_status":"closed","template":"","meta":{"footnotes":""},"_links":{"self":[{"href":"https:\/\/jdkrynen.com\/index.php\/wp-json\/wp\/v2\/pages\/281"}],"collection":[{"href":"https:\/\/jdkrynen.com\/index.php\/wp-json\/wp\/v2\/pages"}],"about":[{"href":"https:\/\/jdkrynen.com\/index.php\/wp-json\/wp\/v2\/types\/page"}],"author":[{"embeddable":true,"href":"https:\/\/jdkrynen.com\/index.php\/wp-json\/wp\/v2\/users\/1"}],"replies":[{"embeddable":true,"href":"https:\/\/jdkrynen.com\/index.php\/wp-json\/wp\/v2\/comments?post=281"}],"version-history":[{"count":5,"href":"https:\/\/jdkrynen.com\/index.php\/wp-json\/wp\/v2\/pages\/281\/revisions"}],"predecessor-version":[{"id":536,"href":"https:\/\/jdkrynen.com\/index.php\/wp-json\/wp\/v2\/pages\/281\/revisions\/536"}],"up":[{"embeddable":true,"href":"https:\/\/jdkrynen.com\/index.php\/wp-json\/wp\/v2\/pages\/5"}],"wp:attachment":[{"href":"https:\/\/jdkrynen.com\/index.php\/wp-json\/wp\/v2\/media?parent=281"}],"curies":[{"name":"wp","href":"https:\/\/api.w.org\/{rel}","templated":true}]}}