{"id":284,"date":"2017-01-06T14:18:45","date_gmt":"2017-01-06T13:18:45","guid":{"rendered":"http:\/\/jdkrynen.com\/?page_id=284"},"modified":"2017-01-22T17:40:14","modified_gmt":"2017-01-22T16:40:14","slug":"2014-zu-gott-sollst-du-nicht-schreien","status":"publish","type":"page","link":"https:\/\/jdkrynen.com\/index.php\/catalogue-des-oeuvres-du-compositeur-jean-dominique-krynen\/2014-zu-gott-sollst-du-nicht-schreien\/","title":{"rendered":"2014 \u2015 Zu Gott Sollst Du Nicht Schreien"},"content":{"rendered":"<h4>2014<br \/>\nZU GOTT SOLLST DU NICHT SCHREIEN <span style=\"font-size: 0.8em; font-style: italic;\">(Angelus Silesius) 5&#8217;25<br \/>\nAria pour soprano et deux basses de viole<\/span><\/h4>\n<ul style=\"list-style-type: disc; list-style-position: inside;\">\n<li class=\"less-margin\">version originale <a href=\"http:\/\/jdkrynen.com\/wp-content\/uploads\/2017\/01\/Zu-Gott-sollst-du-nicht-schreien-specimen.pdf\" target=\"_blank\"><img decoding=\"async\" src=\"http:\/\/jdkrynen.com\/wp-content\/uploads\/2017\/01\/Adobe-PDF-Document-icon.png\" alt=\"\" style=\"margin: 0;\" \/><\/a><\/li>\n<li class=\"less-margin\">version \u00e0 deux violoncelles <a href=\"http:\/\/jdkrynen.com\/wp-content\/uploads\/2017\/01\/Zu-Gott-sollst-du-nicht-schreien-violoncelles-specimen.pdf\" target=\"_blank\"><img decoding=\"async\" src=\"http:\/\/jdkrynen.com\/wp-content\/uploads\/2017\/01\/Adobe-PDF-Document-icon.png\" alt=\"\" style=\"margin: 0;\" \/><\/a><\/li>\n<\/ul>\n<h5>pr\u00e9sentation<\/h5>\n<p>Commande de la violiste Caroline Howald, cette aria s&#8217;int\u00e8gre \u00e0 un programme de musique allemande inspir\u00e9e par la mystique de la Contre-R\u00e9forme, de Schein \u00e0 Buxtehude en passant par Johann Christoph Bach. Les quatre vers d&#8217;Angelus Silesius, la contrainte de l&#8217;\u00e9criture \u00e0 3 voix et le voisinage th\u00e9matique de l&#8217;album m&#8217;ont guid\u00e9, plus encore que d&#8217;habitude, vers une r\u00e9alisation intemporelle, recherchant la seule intensit\u00e9 du discours au moyen d&#8217;un contrepoint serr\u00e9.<\/p>\n<p class=\"bc_player\"><iframe style=\"border: 0; width: 100%; height: 120px;\" src=\"https:\/\/bandcamp.com\/EmbeddedPlayer\/track=2569849108\/size=large\/bgcol=ffffff\/linkcol=0687f5\/tracklist=false\/artwork=none\/transparent=true\/\" seamless><a href=\"http:\/\/jean-dominiquekrynencompositeur.bandcamp.com\/track\/zu-gott-sollst-du-nicht-schreien-aria-pour-soprano-et-2-basses-de-viole\">Zu Gott sollst du nicht schreien, aria pour soprano et 2 basses de viole by Jean-Dominique Krynen, compositeur<\/a><\/iframe><\/p>\n<div class=\"spacer-div\"><\/div>\n<div class=\"poesie\">Zu Gott sollst du nicht schreien,<br \/>\nDer Brunnquell ist in dir.<br \/>\nVerlegest du den Ausgang nicht,<br \/>\nDann flie\u00dfet es f\u00fcr und f\u00fcr.<br \/>\nHalt an, wo l\u00e4ufst du hin, der Himmel ist in dir (&#8230;).<\/p>\n<p>N\u2019appelle pas Dieu \u00e0 voix haute\u00a0;<br \/>\nSa source est en toi.<br \/>\nEt si tu n\u2019obstrues pas le passage,<br \/>\nRien n\u2019en suspend la coul\u00e9e.<br \/>\nArr\u00eate, o\u00f9 cours-tu donc, le ciel est en toi (&#8230;).\n<\/p><\/div>\n<div class=\"spacer-div\"><\/div>\n<p style=\"text-align: right;\" align=\"left\">Angelus Silesius (1624-1677), <i>Le Grand Livre de la Sagesse<\/i><\/p>\n","protected":false},"excerpt":{"rendered":"<p>2014 ZU GOTT SOLLST DU NICHT SCHREIEN (Angelus Silesius) 5&#8217;25 Aria pour soprano et deux basses de viole version originale version \u00e0 deux violoncelles pr\u00e9sentation Commande de la violiste Caroline Howald, cette aria s&#8217;int\u00e8gre \u00e0 un programme de musique allemande<\/p>\n","protected":false},"author":1,"featured_media":0,"parent":5,"menu_order":0,"comment_status":"closed","ping_status":"closed","template":"","meta":{"footnotes":""},"_links":{"self":[{"href":"https:\/\/jdkrynen.com\/index.php\/wp-json\/wp\/v2\/pages\/284"}],"collection":[{"href":"https:\/\/jdkrynen.com\/index.php\/wp-json\/wp\/v2\/pages"}],"about":[{"href":"https:\/\/jdkrynen.com\/index.php\/wp-json\/wp\/v2\/types\/page"}],"author":[{"embeddable":true,"href":"https:\/\/jdkrynen.com\/index.php\/wp-json\/wp\/v2\/users\/1"}],"replies":[{"embeddable":true,"href":"https:\/\/jdkrynen.com\/index.php\/wp-json\/wp\/v2\/comments?post=284"}],"version-history":[{"count":6,"href":"https:\/\/jdkrynen.com\/index.php\/wp-json\/wp\/v2\/pages\/284\/revisions"}],"predecessor-version":[{"id":526,"href":"https:\/\/jdkrynen.com\/index.php\/wp-json\/wp\/v2\/pages\/284\/revisions\/526"}],"up":[{"embeddable":true,"href":"https:\/\/jdkrynen.com\/index.php\/wp-json\/wp\/v2\/pages\/5"}],"wp:attachment":[{"href":"https:\/\/jdkrynen.com\/index.php\/wp-json\/wp\/v2\/media?parent=284"}],"curies":[{"name":"wp","href":"https:\/\/api.w.org\/{rel}","templated":true}]}}