{"id":294,"date":"2017-01-06T14:30:12","date_gmt":"2017-01-06T13:30:12","guid":{"rendered":"http:\/\/jdkrynen.com\/?page_id=294"},"modified":"2021-04-05T14:17:28","modified_gmt":"2021-04-05T12:17:28","slug":"2008-kalamatiano","status":"publish","type":"page","link":"https:\/\/jdkrynen.com\/index.php\/catalogue-des-oeuvres-du-compositeur-jean-dominique-krynen\/2008-kalamatiano\/","title":{"rendered":"2008 \u2015 Kalamatiano"},"content":{"rendered":"\n<h4 class=\"wp-block-heading\">2008<br>KALAMATIANO, <span style=\"font-size: 0.8em; font-style: italic;\">danse hell\u00e9nique 3&#8217;30<br>deux fl\u00fbtistes et quatuor \u00e0 cordes<\/span><\/h4>\n\n\n\n<h5 class=\"wp-block-heading\">pr\u00e9sentation<\/h5>\n\n\n\n<p>A l&#8217;\u00e9t\u00e9 1969 je re\u00e7us d&#8217;un de mes fr\u00e8res, de retour d&#8217;une \u00e9quip\u00e9e en Gr\u00e8ce en <em>2CV<\/em>, un disque 45 tours vinyl de danses populaires grecques. Ce tr\u00e9sor sonore, avec les r\u00e9cits fabuleux et les diapositives rapport\u00e9es par le jeune homme enthousiasm\u00e9 par son premier voyage hors du noyau familial, alimenta ma r\u00eaverie juv\u00e9nile avide de M\u00e9diterran\u00e9e et ne m&#8217;abandonna plus. Quand je sus un peu de musique, j&#8217;eus envie d&#8217;en faire une transcription \u00e0 deux pianos. Quatre d\u00e9cennies plus tard le <em>Kalamatiano<\/em> de mon 45 tours me revint en m\u00e9moire lorsque le fl\u00fbtiste et chef d&#8217;orchestre Pierre-Alain Biget pris sa retraite du Conservatoire d&#8217;Orl\u00e9ans et voulut un concert d&#8217;adieu constitu\u00e9 de pi\u00e8ces de ses anciens directeurs. J&#8217;en r\u00e9alisai alors une paraphrase pour duo de fl\u00fbtistes (le 1er jouant le piccolo et le 2nd la fl\u00fbte en sol) et quatuor \u00e0 cordes.<\/p>\n\n\n\n<p>Le rythme f\u00e9lin \u00e0 7\/8 ne laisse pas de r\u00e9pit \u00e0 l&#8217;entrelacs des fl\u00fbtes, dans une harmonie rude et chatoyante, \u00e9loge \u00e0 la vitalit\u00e9 joyeuse de la race.<\/p>\n\n\n\n<p><a href=\"http:\/\/jdkrynen.com\/wp-content\/uploads\/2017\/01\/Kalamatiano-specimen.pdf\" target=\"_blank\" rel=\"noreferrer noopener\"><img decoding=\"async\" style=\"margin: 0;\" src=\"http:\/\/jdkrynen.com\/wp-content\/uploads\/2017\/01\/Adobe-PDF-Document-icon.png\" alt=\"\"><\/a><a rel=\"noopener\" href=\"http:\/\/jdkrynen.com\/wp-content\/uploads\/2017\/01\/Kalamatiano-specimen.pdf\" target=\"_blank\"> Partition<\/a><\/p>\n\n\n\n<p class=\"bc_player\"><iframe style=\"border: 0; width: 100%; height: 120px;\" src=\"https:\/\/bandcamp.com\/EmbeddedPlayer\/track=2038897615\/size=large\/bgcol=ffffff\/linkcol=0687f5\/tracklist=false\/artwork=small\/transparent=true\/\" seamless><a href=\"https:\/\/jean-dominiquekrynencompositeur.bandcamp.com\/track\/kalamatiano-pour-2-fl-tistes-et-quatuor-cordes-maquette-audio\">Kalamatiano, pour 2 fl\u00fbtistes et quatuor \u00e0 cordes (maquette audio) by Jean-Dominique Krynen, compositeur<\/a><\/iframe><\/iframe><\/p>\n","protected":false},"excerpt":{"rendered":"<p>2008KALAMATIANO, danse hell\u00e9nique 3&#8217;30deux fl\u00fbtistes et quatuor \u00e0 cordes pr\u00e9sentation A l&#8217;\u00e9t\u00e9 1969 je re\u00e7us d&#8217;un de mes fr\u00e8res, de retour d&#8217;une \u00e9quip\u00e9e en Gr\u00e8ce en 2CV, un disque 45 tours vinyl de danses populaires grecques. Ce tr\u00e9sor sonore, avec<\/p>\n","protected":false},"author":1,"featured_media":0,"parent":5,"menu_order":0,"comment_status":"closed","ping_status":"closed","template":"","meta":{"footnotes":""},"_links":{"self":[{"href":"https:\/\/jdkrynen.com\/index.php\/wp-json\/wp\/v2\/pages\/294"}],"collection":[{"href":"https:\/\/jdkrynen.com\/index.php\/wp-json\/wp\/v2\/pages"}],"about":[{"href":"https:\/\/jdkrynen.com\/index.php\/wp-json\/wp\/v2\/types\/page"}],"author":[{"embeddable":true,"href":"https:\/\/jdkrynen.com\/index.php\/wp-json\/wp\/v2\/users\/1"}],"replies":[{"embeddable":true,"href":"https:\/\/jdkrynen.com\/index.php\/wp-json\/wp\/v2\/comments?post=294"}],"version-history":[{"count":5,"href":"https:\/\/jdkrynen.com\/index.php\/wp-json\/wp\/v2\/pages\/294\/revisions"}],"predecessor-version":[{"id":624,"href":"https:\/\/jdkrynen.com\/index.php\/wp-json\/wp\/v2\/pages\/294\/revisions\/624"}],"up":[{"embeddable":true,"href":"https:\/\/jdkrynen.com\/index.php\/wp-json\/wp\/v2\/pages\/5"}],"wp:attachment":[{"href":"https:\/\/jdkrynen.com\/index.php\/wp-json\/wp\/v2\/media?parent=294"}],"curies":[{"name":"wp","href":"https:\/\/api.w.org\/{rel}","templated":true}]}}