{"id":300,"date":"2017-01-06T14:39:25","date_gmt":"2017-01-06T13:39:25","guid":{"rendered":"http:\/\/jdkrynen.com\/?page_id=300"},"modified":"2017-01-22T17:26:07","modified_gmt":"2017-01-22T16:26:07","slug":"2006-fryderyk-c-a-william-t","status":"publish","type":"page","link":"https:\/\/jdkrynen.com\/index.php\/catalogue-des-oeuvres-du-compositeur-jean-dominique-krynen\/2006-fryderyk-c-a-william-t\/","title":{"rendered":"2006 \u2015 Fryderyk C. \u00e0 William T."},"content":{"rendered":"<h4>2006<br \/>\nFRYDERYK C. \u00c0 WILLIAM T., <span style=\"font-size: 0.8em; font-style: italic;\">Barcarolle 8\u2019<br \/>\npiano solo<\/span><\/h4>\n<h5>pr\u00e9sentation<\/h5>\n<p>Rejoignant le songe romantique d\u00e9velopp\u00e9 dans <em>Senso<\/em> et anticipant son ultime avatar (2014), la suggestion d&#8217;une nouvelle pi\u00e8ce de concert pour piano solo destin\u00e9e au Festival Chopin de Bagatelle m&#8217;avait \u00e9t\u00e9 faite de longue date par le compositeur-po\u00e8te Guy Sacre. Projeter le pianisme de Chopin en plein XXIe si\u00e8cle, par-del\u00e0 Bart\u00f3k, Prokofiev et Messiaen, revenait pour moi \u00e0 faire tourner les tables. C&#8217;est en quelque sorte ce que j&#8217;ai fait en imaginant une correspondance posthume entre deux prodigieux artistes dont on a peine \u00e0 croire qu&#8217;ils aient r\u00e9ussi \u00e0 manquer leur rencontre de leur vivant : Chopin et Turner. A l&#8217;H\u00f4tel Lambert du prince Czartoryski &#8211; qu&#8217;ils fr\u00e9quent\u00e8rent l&#8217;un et l&#8217;autre, mais jamais ensemble &#8211; ils auraient sans aucun doute parl\u00e9 de Venise, et le peintre e\u00fbt sans doute d\u00e9cid\u00e9 le musicien \u00e0 la conna\u00eetre, alors que George en d\u00e9cida autrement.<\/p>\n<p>Pourtant, Venise est tout enti\u00e8re dans la Barcarolle de 1846. Dans celle de 2006, Proust a laiss\u00e9 un sillage qui ne s&#8217;estompera plus, un chagrin d&#8217;outre-tombe que seul le piano est encore capable de porter, comme une parure t\u00e9n\u00e9breuse.<\/p>\n<p><a href=\"http:\/\/jdkrynen.com\/wp-content\/uploads\/2017\/01\/Fryderyk-C.-a\u0300-WilliamT.-specimen.pdf\" target=\"_blank\"><img decoding=\"async\" src=\"http:\/\/jdkrynen.com\/wp-content\/uploads\/2017\/01\/Adobe-PDF-Document-icon.png\" alt=\"\" style=\"margin: 0;\" \/> Partition<\/a><\/p>\n<p class=\"bc_player\"><iframe style=\"border: 0; width: 100%; height: 120px;\" src=\"https:\/\/bandcamp.com\/EmbeddedPlayer\/track=1729960708\/size=large\/bgcol=ffffff\/linkcol=0687f5\/tracklist=false\/artwork=none\/transparent=true\/\" seamless><a href=\"http:\/\/jean-dominiquekrynencompositeur.bandcamp.com\/track\/fryderyk-c-william-t-barcarolle-pour-piano\">Fryderyk C. \u00e0 William T., barcarolle pour piano by Jean-Dominique Krynen, compositeur<\/a><\/iframe><\/p>\n","protected":false},"excerpt":{"rendered":"<p>2006 FRYDERYK C. \u00c0 WILLIAM T., Barcarolle 8\u2019 piano solo pr\u00e9sentation Rejoignant le songe romantique d\u00e9velopp\u00e9 dans Senso et anticipant son ultime avatar (2014), la suggestion d&#8217;une nouvelle pi\u00e8ce de concert pour piano solo destin\u00e9e au Festival Chopin de Bagatelle<\/p>\n","protected":false},"author":1,"featured_media":0,"parent":5,"menu_order":0,"comment_status":"closed","ping_status":"closed","template":"","meta":{"footnotes":""},"_links":{"self":[{"href":"https:\/\/jdkrynen.com\/index.php\/wp-json\/wp\/v2\/pages\/300"}],"collection":[{"href":"https:\/\/jdkrynen.com\/index.php\/wp-json\/wp\/v2\/pages"}],"about":[{"href":"https:\/\/jdkrynen.com\/index.php\/wp-json\/wp\/v2\/types\/page"}],"author":[{"embeddable":true,"href":"https:\/\/jdkrynen.com\/index.php\/wp-json\/wp\/v2\/users\/1"}],"replies":[{"embeddable":true,"href":"https:\/\/jdkrynen.com\/index.php\/wp-json\/wp\/v2\/comments?post=300"}],"version-history":[{"count":3,"href":"https:\/\/jdkrynen.com\/index.php\/wp-json\/wp\/v2\/pages\/300\/revisions"}],"predecessor-version":[{"id":517,"href":"https:\/\/jdkrynen.com\/index.php\/wp-json\/wp\/v2\/pages\/300\/revisions\/517"}],"up":[{"embeddable":true,"href":"https:\/\/jdkrynen.com\/index.php\/wp-json\/wp\/v2\/pages\/5"}],"wp:attachment":[{"href":"https:\/\/jdkrynen.com\/index.php\/wp-json\/wp\/v2\/media?parent=300"}],"curies":[{"name":"wp","href":"https:\/\/api.w.org\/{rel}","templated":true}]}}