{"id":610,"date":"2021-04-05T15:07:51","date_gmt":"2021-04-05T13:07:51","guid":{"rendered":"http:\/\/jdkrynen.com\/?page_id=610"},"modified":"2021-04-05T16:38:13","modified_gmt":"2021-04-05T14:38:13","slug":"2019-le-songe-de-lucrece","status":"publish","type":"page","link":"https:\/\/jdkrynen.com\/index.php\/catalogue-des-oeuvres-du-compositeur-jean-dominique-krynen\/2019-le-songe-de-lucrece\/","title":{"rendered":"2019 \u2015 Le Songe de Lucr\u00e8ce"},"content":{"rendered":"\n<h4 class=\"wp-block-heading\">2019<br>LE SONGE DE LUCRECE<span style=\"font-size: 0.8em; font-style: italic;\"> 3&#8217;40<br>soprano, fl\u00fbte alto et piano<\/span><\/h4>\n\n\n\n<p><a href=\"http:\/\/jdkrynen.com\/wp-content\/uploads\/2021\/04\/Le-Songe-de-Lucrece-copie-site-Conducteur.pdf\" data-type=\"URL\" data-id=\"http:\/\/jdkrynen.com\/wp-content\/uploads\/2021\/04\/Le-Songe-de-Lucrece-copie-site-Conducteur.pdf\" target=\"_blank\" rel=\"noreferrer noopener\"><img decoding=\"async\" style=\"margin: 0;\" src=\"http:\/\/jdkrynen.com\/wp-content\/uploads\/2017\/01\/Adobe-PDF-Document-icon.png\" alt=\"\"><\/a><a rel=\"noopener\" href=\"http:\/\/jdkrynen.com\/wp-content\/uploads\/2017\/01\/Kalamatiano-specimen.pdf\" target=\"_blank\"> <\/a><a rel=\"noreferrer noopener\" href=\"http:\/\/jdkrynen.com\/wp-content\/uploads\/2021\/04\/Le-Songe-de-Lucrece-copie-site-Conducteur.pdf\" target=\"_blank\">Partition<\/a><\/p>\n\n\n\n<h5 class=\"wp-block-heading\">pr\u00e9sentation<\/h5>\n\n\n\n<p><em>Parcourir l\u2019immense po\u00e8me philosophique de Lucr\u00e8ce fascine l\u2019homme d\u2019aujourd\u2019hui \u2013 avec quelle nostalgie&nbsp;! &#8211;&nbsp;&nbsp;de par l\u2019accord profond qui unit les sens et l\u2019esprit, l\u2019intuition et la connaissance, la passion de la v\u00e9rit\u00e9 sensible et la rigueur de l\u2019art.&nbsp;Dans ces trois strophes \u00e9voquant les pi\u00e8ges s\u00e9duisants du r\u00eave, les sens eux-m\u00eames tromp\u00e9s sont innocent\u00e9s et, contre toute attente, la sagesse conclut en la foi qui leur est due.<\/em> <em>Le fran\u00e7ais du traducteur romantique parvient \u00e0 sugg\u00e9rer la noblesse du texte antique en lui pr\u00eatant des r\u00e9sonances symbolistes auxquelles le musicien n\u2019a pas r\u00e9sist\u00e9<\/em>.<\/p>\n\n\n\n<p>Le Songe de Lucr\u00e8ce f<em>ait partie du recueil <\/em>Hommage au po\u00e8te Lucretius vol.1 <em>publi\u00e9 par la <\/em>Villa des Compositeurs &#8211; Collection 2019<\/p>\n\n\n\n<p><\/p>\n\n\n\n<p>Quand de ses doux liens le sommeil nous encha\u00eene,&nbsp;<\/p>\n\n\n\n<p>Plong\u00e9s dans le n\u00e9ant de sa torpeur sereine,<\/p>\n\n\n\n<p>Nous croyons par instant veiller et nous mouvoir,&nbsp;<\/p>\n\n\n\n<p>Et, dans un lieu ferm\u00e9, sous l\u2019aveugle nuit, voir&nbsp;<\/p>\n\n\n\n<p>Le jour et la splendeur du soleil ; les murs s\u2019ouvrent ;<\/p>\n\n\n\n<p>Des champs o\u00f9 nous courons \u00e0 nos yeux se d\u00e9couvrent,<\/p>\n\n\n\n<p>Et des mers et des monts, et l\u2019horizon qui fuit.<\/p>\n\n\n\n<p>Muets dans le silence aust\u00e8re de la nuit,<\/p>\n\n\n\n<p>Nous percevons des voix qui frappent nos oreilles,<\/p>\n\n\n\n<p>Et nous y r\u00e9pondons. Combien d\u2019autres merveilles<\/p>\n\n\n\n<p>S\u2019efforcent d\u2019\u00e9branler la foi qu\u2019on doit aux sens !<\/p>\n\n\n\n<p>[Mais c\u2019est en vain. Les sens demeurent innocents.<\/p>\n\n\n\n<p>C\u2019est nous qui leur pr\u00eatons ces fictions des songes.]<\/p>\n\n\n\n<p>Distinguer le fait vrai de nos propres mensonges<\/p>\n\n\n\n<p>Et ce qu\u2019ont vu les sens de ce qu\u2019on leur fait voir,<\/p>\n\n\n\n<p>Il n\u2019est pas, crois-le bien, de plus rare savoir.<\/p>\n\n\n\n<p class=\"has-text-align-right\">Traduction par Andr\u00e9 Lef\u00e8vre, 1876 \/ Soci\u00e9t\u00e9 d\u2019\u00e9ditions litt\u00e9raires, 1899<\/p>\n\n\n\n<p class=\"bc_player\"><iframe style=\"border: 0; width: 100%; height: 120px;\" src=\"https:\/\/bandcamp.com\/EmbeddedPlayer\/track=2546362445\/size=large\/bgcol=ffffff\/linkcol=0687f5\/tracklist=false\/artwork=small\/transparent=true\/\" seamless=\"\">&amp;amp;amp;amp;amp;amp;amp;lt;a href=&#8221;https:\/\/jean-dominiquekrynencompositeur.bandcamp.com\/track\/le-songe-de-lucr-ce&#8221;&amp;amp;amp;amp;amp;amp;amp;gt;Le Songe de Lucr\u00e8ce by Jean-Dominique Krynen, compositeur&amp;amp;amp;amp;amp;amp;amp;lt;\/a&amp;amp;amp;amp;amp;amp;amp;gt;<\/iframe><\/p>\n\n\n\n<p><\/p>\n","protected":false},"excerpt":{"rendered":"<p>2019LE SONGE DE LUCRECE 3&#8217;40soprano, fl\u00fbte alto et piano pr\u00e9sentation Parcourir l\u2019immense po\u00e8me philosophique de Lucr\u00e8ce fascine l\u2019homme d\u2019aujourd\u2019hui \u2013 avec quelle nostalgie&nbsp;! &#8211;&nbsp;&nbsp;de par l\u2019accord profond qui unit les sens et l\u2019esprit, l\u2019intuition et la connaissance, la passion de<\/p>\n","protected":false},"author":1,"featured_media":0,"parent":5,"menu_order":0,"comment_status":"closed","ping_status":"closed","template":"","meta":{"footnotes":""},"_links":{"self":[{"href":"https:\/\/jdkrynen.com\/index.php\/wp-json\/wp\/v2\/pages\/610"}],"collection":[{"href":"https:\/\/jdkrynen.com\/index.php\/wp-json\/wp\/v2\/pages"}],"about":[{"href":"https:\/\/jdkrynen.com\/index.php\/wp-json\/wp\/v2\/types\/page"}],"author":[{"embeddable":true,"href":"https:\/\/jdkrynen.com\/index.php\/wp-json\/wp\/v2\/users\/1"}],"replies":[{"embeddable":true,"href":"https:\/\/jdkrynen.com\/index.php\/wp-json\/wp\/v2\/comments?post=610"}],"version-history":[{"count":11,"href":"https:\/\/jdkrynen.com\/index.php\/wp-json\/wp\/v2\/pages\/610\/revisions"}],"predecessor-version":[{"id":631,"href":"https:\/\/jdkrynen.com\/index.php\/wp-json\/wp\/v2\/pages\/610\/revisions\/631"}],"up":[{"embeddable":true,"href":"https:\/\/jdkrynen.com\/index.php\/wp-json\/wp\/v2\/pages\/5"}],"wp:attachment":[{"href":"https:\/\/jdkrynen.com\/index.php\/wp-json\/wp\/v2\/media?parent=610"}],"curies":[{"name":"wp","href":"https:\/\/api.w.org\/{rel}","templated":true}]}}