{"id":638,"date":"2024-07-09T15:42:13","date_gmt":"2024-07-09T13:42:13","guid":{"rendered":"https:\/\/jdkrynen.com\/?page_id=638"},"modified":"2024-07-09T15:43:05","modified_gmt":"2024-07-09T13:43:05","slug":"2023-epitaphe-sur-la-mort-de-moliere","status":"publish","type":"page","link":"https:\/\/jdkrynen.com\/index.php\/catalogue-des-oeuvres-du-compositeur-jean-dominique-krynen\/2023-epitaphe-sur-la-mort-de-moliere\/","title":{"rendered":"2023 \u2015 \u00c9pitaphe sur la Mort de Moli\u00e8re"},"content":{"rendered":"\n<h4 class=\"wp-block-heading\">2023<br>\u00c9PITAPHE SUR LA MORT DE MOLI\u00c8RE <span style=\"font-size: 0.8em; font-style: italic;\">4\u2019<br>pour baryton et quatuor \u00e0 cordes<\/span><\/h4>\n\n\n\n<h5 class=\"wp-block-heading\">pr\u00e9sentation<\/h5>\n\n\n\n<p>Mise en musique d\u2019une pi\u00e8ce de vers anonyme, extraite du recueil d\u2019\u00e9pitaphes et<br>d\u2019\u00e9pigrammes intitul\u00e9 <em>Oraison fun\u00e8bre de Moli\u00e8re, par le Sieur de Viz\u00e9<\/em>, publi\u00e9 au Mercure<br>Galant de 1673.<\/p>\n\n\n\n<p>Plut\u00f4t que par une mise en musique nouvelle de ses textes, rendre hommage \u00e0<br>Moli\u00e8re m\u2019a sembl\u00e9 plus p\u00e9tillant et actuel \u00e0 travers le regard de ses contemporains<br>apprenant <em>\u00e0 chaud<\/em>, incr\u00e9dules, sa disparition au cours de la repr\u00e9sentation du <em>Malade<br>Imaginaire<\/em>.<br>Non sans une dose subtile de cruaut\u00e9 jalouse, l\u2019auteur de l\u2019\u00e9pitaphe sourit de voir<br>s\u2019exprimer jusque dans le tr\u00e9pas les dons d\u2019imitation cocasse de Moli\u00e8re, au point que l\u2019on<br>ne sait plus \u00ab\u00a0s\u2019il est mort ou s\u2019il dort\u00a0\u00bb.<br>C\u2019est pourquoi l\u2019on voit le chanteur soliste, costum\u00e9 en <em>Grand Si\u00e8cle<\/em>, aux prises avec<br>une parodie musicale d\u00e9g\u00e9n\u00e9rant jusqu\u2019\u00e0 l\u2019an\u00e9antissement qui a gagn\u00e9 les go\u00fbts de nos<br>contemporains du XXI<sup>\u00e8<\/sup> si\u00e8cle.<br>Gageons que Moli\u00e8re se serait empar\u00e9 de ce dernier sujet avec d\u00e9lices.<\/p>\n\n\n\n<p class=\"has-text-align-right\">Jean-Dominique Krynen<\/p>\n\n\n\n<p class=\"has-text-align-center\"><em>Cy g\u00eet un grand acteur que l\u2019on dit estre mort.<br>Je ne s\u00e7ay s\u2019il l\u2019est, ou s\u2019il dort.<br>Sa maladie imaginaire<br>Ne s\u00e7auroit l\u2019avoir fait mourir\u00a0;<br>C\u2019est un tour qu\u2019il fait \u00e0 plaisir,<br>Car il aimoit \u00e0 contrefaire.<br>Quoy qu\u2019il en soit, ci g\u00eet Moliere.<br>Comme il estoit comedien,<br>S\u2019il fait le mort, il le fait bien.<\/em><\/p>\n\n\n\n<p class=\"bc_player\"><iframe style=\"border: 0; width: 100%; height: 120px;\" src=\"https:\/\/bandcamp.com\/EmbeddedPlayer\/track=2259128676\/size=large\/bgcol=ffffff\/linkcol=0687f5\/tracklist=false\/artwork=small\/transparent=true\/\" seamless><a href=\"https:\/\/jean-dominiquekrynencompositeur.bandcamp.com\/track\/pitaphe-sur-la-mort-de-moli-re\">\u00c9pitaphe sur la Mort de Moli\u00e8re by Jean-Dominique Krynen, compositeur<\/a><\/iframe><\/p>\n","protected":false},"excerpt":{"rendered":"<p>2023\u00c9PITAPHE SUR LA MORT DE MOLI\u00c8RE 4\u2019pour baryton et quatuor \u00e0 cordes pr\u00e9sentation Mise en musique d\u2019une pi\u00e8ce de vers anonyme, extraite du recueil d\u2019\u00e9pitaphes etd\u2019\u00e9pigrammes intitul\u00e9 Oraison fun\u00e8bre de Moli\u00e8re, par le Sieur de Viz\u00e9, publi\u00e9 au MercureGalant de<\/p>\n","protected":false},"author":1,"featured_media":0,"parent":5,"menu_order":0,"comment_status":"closed","ping_status":"closed","template":"","meta":{"footnotes":""},"_links":{"self":[{"href":"https:\/\/jdkrynen.com\/index.php\/wp-json\/wp\/v2\/pages\/638"}],"collection":[{"href":"https:\/\/jdkrynen.com\/index.php\/wp-json\/wp\/v2\/pages"}],"about":[{"href":"https:\/\/jdkrynen.com\/index.php\/wp-json\/wp\/v2\/types\/page"}],"author":[{"embeddable":true,"href":"https:\/\/jdkrynen.com\/index.php\/wp-json\/wp\/v2\/users\/1"}],"replies":[{"embeddable":true,"href":"https:\/\/jdkrynen.com\/index.php\/wp-json\/wp\/v2\/comments?post=638"}],"version-history":[{"count":2,"href":"https:\/\/jdkrynen.com\/index.php\/wp-json\/wp\/v2\/pages\/638\/revisions"}],"predecessor-version":[{"id":641,"href":"https:\/\/jdkrynen.com\/index.php\/wp-json\/wp\/v2\/pages\/638\/revisions\/641"}],"up":[{"embeddable":true,"href":"https:\/\/jdkrynen.com\/index.php\/wp-json\/wp\/v2\/pages\/5"}],"wp:attachment":[{"href":"https:\/\/jdkrynen.com\/index.php\/wp-json\/wp\/v2\/media?parent=638"}],"curies":[{"name":"wp","href":"https:\/\/api.w.org\/{rel}","templated":true}]}}